{"id":169,"date":"2025-10-15T11:23:45","date_gmt":"2025-10-15T11:23:45","guid":{"rendered":"https:\/\/audatrek.com\/?page_id=169"},"modified":"2025-10-15T11:49:35","modified_gmt":"2025-10-15T11:49:35","slug":"tradiciones","status":"publish","type":"page","link":"https:\/\/audatrek.com\/fr\/tradiciones\/","title":{"rendered":"Traditions"},"content":{"rendered":"<style>.elementor-169 .elementor-element.elementor-element-37d436ff{--display:flex;--flex-direction:column;--container-widget-width:100%;--container-widget-height:initial;--container-widget-flex-grow:0;--container-widget-align-self:initial;--flex-wrap-mobile:wrap;--gap:10px 10px;--row-gap:10px;--column-gap:10px;--overlay-opacity:0.8;border-style:solid;--border-style:solid;border-width:20px 20px 20px 20px;--border-top-width:20px;--border-right-width:20px;--border-bottom-width:20px;--border-left-width:20px;border-color:var( --e-global-color-accent );--border-color:var( --e-global-color-accent );--border-radius:40px 40px 40px 40px;--margin-top:0px;--margin-bottom:40px;--margin-left:0px;--margin-right:0px;--padding-top:200px;--padding-bottom:100px;--padding-left:0px;--padding-right:0px;}.elementor-169 .elementor-element.elementor-element-37d436ff:not(.elementor-motion-effects-element-type-background), .elementor-169 .elementor-element.elementor-element-37d436ff > .elementor-motion-effects-container > .elementor-motion-effects-layer{background-image:url(\"https:\/\/audatrek.com\/wp-content\/uploads\/2025\/10\/IMG_20250623_075146-scaled.jpg\");background-position:center center;background-repeat:no-repeat;background-size:cover;}.elementor-169 .elementor-element.elementor-element-37d436ff::before, .elementor-169 .elementor-element.elementor-element-37d436ff > .elementor-background-video-container::before, .elementor-169 .elementor-element.elementor-element-37d436ff > .e-con-inner > .elementor-background-video-container::before, .elementor-169 .elementor-element.elementor-element-37d436ff > .elementor-background-slideshow::before, .elementor-169 .elementor-element.elementor-element-37d436ff > .e-con-inner > .elementor-background-slideshow::before, .elementor-169 .elementor-element.elementor-element-37d436ff > .elementor-motion-effects-container > .elementor-motion-effects-layer::before{background-color:transparent;--background-overlay:'';background-image:linear-gradient(0deg, var( --e-global-color-primary ) 0%, var( --e-global-color-80e3d44 ) 100%);}.elementor-169 .elementor-element.elementor-element-6c9b7c7d{text-align:center;}.elementor-169 .elementor-element.elementor-element-6c9b7c7d .elementor-heading-title{font-family:var( --e-global-typography-primary-font-family ), Sans-serif;font-size:var( --e-global-typography-primary-font-size );font-weight:var( --e-global-typography-primary-font-weight );text-transform:var( --e-global-typography-primary-text-transform );text-decoration:var( --e-global-typography-primary-text-decoration );line-height:var( --e-global-typography-primary-line-height );letter-spacing:var( --e-global-typography-primary-letter-spacing );color:var( --e-global-color-accent );}.elementor-169 .elementor-element.elementor-element-8baa2a1{--display:flex;--flex-direction:column;--container-widget-width:100%;--container-widget-height:initial;--container-widget-flex-grow:0;--container-widget-align-self:initial;--flex-wrap-mobile:wrap;--margin-top:0px;--margin-bottom:80px;--margin-left:0px;--margin-right:0px;}.elementor-169 .elementor-element.elementor-element-a66734a{padding:10px 0px 0px 0px;text-align:center;font-family:var( --e-global-typography-c538bb3-font-family ), Sans-serif;font-size:var( --e-global-typography-c538bb3-font-size );font-weight:var( --e-global-typography-c538bb3-font-weight );text-transform:var( --e-global-typography-c538bb3-text-transform );text-decoration:var( --e-global-typography-c538bb3-text-decoration );line-height:var( --e-global-typography-c538bb3-line-height );}.elementor-169 .elementor-element.elementor-element-03b2e1e .e-gallery-item:hover .elementor-gallery-item__overlay, .elementor-169 .elementor-element.elementor-element-03b2e1e .e-gallery-item:focus .elementor-gallery-item__overlay{background-color:rgba(0,0,0,0.5);}.elementor-169 .elementor-element.elementor-element-03b2e1e{--image-border-radius:20px;--image-transition-duration:800ms;--overlay-transition-duration:800ms;--content-text-align:center;--content-padding:20px;--content-transition-duration:800ms;--content-transition-delay:800ms;}:root{--page-title-display:none;}@media(min-width:768px){.elementor-169 .elementor-element.elementor-element-37d436ff{--content-width:1290px;}}@media(max-width:1024px){.elementor-169 .elementor-element.elementor-element-37d436ff{--padding-top:200px;--padding-bottom:100px;--padding-left:20px;--padding-right:20px;}.elementor-169 .elementor-element.elementor-element-6c9b7c7d .elementor-heading-title{font-size:var( --e-global-typography-primary-font-size );line-height:var( --e-global-typography-primary-line-height );letter-spacing:var( --e-global-typography-primary-letter-spacing );}.elementor-169 .elementor-element.elementor-element-a66734a{font-size:var( --e-global-typography-c538bb3-font-size );line-height:var( --e-global-typography-c538bb3-line-height );}}@media(max-width:767px){.elementor-169 .elementor-element.elementor-element-6c9b7c7d .elementor-heading-title{font-size:var( --e-global-typography-primary-font-size );line-height:var( --e-global-typography-primary-line-height );letter-spacing:var( --e-global-typography-primary-letter-spacing );}.elementor-169 .elementor-element.elementor-element-a66734a{font-size:var( --e-global-typography-c538bb3-font-size );line-height:var( --e-global-typography-c538bb3-line-height );}}<\/style>\t\t<div data-elementor-type=\"wp-page\" data-elementor-id=\"169\" class=\"elementor elementor-169\" data-elementor-post-type=\"page\">\n\t\t\t\t<div class=\"elementor-element elementor-element-37d436ff e-flex e-con-boxed e-con e-parent\" data-id=\"37d436ff\" data-element_type=\"container\" data-settings=\"{&quot;background_background&quot;:&quot;classic&quot;}\">\n\t\t\t\t\t<div class=\"e-con-inner\">\n\t\t\t\t\t<\/div>\n\t\t\t\t<\/div>\n\t\t<div class=\"elementor-element elementor-element-8baa2a1 e-flex e-con-boxed e-con e-parent\" data-id=\"8baa2a1\" data-element_type=\"container\">\n\t\t\t\t\t<div class=\"e-con-inner\">\n\t\t\t\t<div class=\"elementor-element elementor-element-a66734a elementor-widget elementor-widget-text-editor\" data-id=\"a66734a\" data-element_type=\"widget\" data-widget_type=\"text-editor.default\">\n\t\t\t\t\t\t\t\t\t<p><span style=\"font-weight: 400;\">Une partie tr\u00e8s importante de mon \u00ab travail\/mission \u00bb consiste \u00e0 mettre en avant et \u00e0 faire conna\u00eetre aux voyageurs tous les aspects culturels et traditionnels des \u00eeles. M\u00eame si l'archipel est consid\u00e9r\u00e9 comme un tout et que ses \u00eeles partagent logiquement de nombreux traits culturels, chacune d'entre elles se distingue des autres par son d\u00e9veloppement culturel propre. Il existe des diff\u00e9rences dans la cuisine, le folklore et m\u00eame le caract\u00e8re, ce qui en fait un ensemble particuli\u00e8rement int\u00e9ressant en raison de son immense vari\u00e9t\u00e9. Une partie importante du voyage consistera donc \u00e0 d\u00e9couvrir toutes ces particularit\u00e9s qui rendent les Canaries uniques \u00e0 cet \u00e9gard \u00e9galement.<\/span><\/p><p><span style=\"font-weight: 400;\">D\u00e9guster un vin dans une cave, un fromage dans une fromagerie, un rhum dans une distillerie ou assister \u00e0 une d\u00e9monstration de saut de berger ou de sifflement gomero (class\u00e9 au patrimoine immat\u00e9riel de l'UNESCO) sont des compl\u00e9ments indispensables pour une exp\u00e9rience totale.<\/span><\/p>\t\t\t\t\t\t\t\t<\/div>\n\t\t\t\t<div class=\"elementor-element elementor-element-03b2e1e elementor-widget elementor-widget-gallery\" data-id=\"03b2e1e\" data-element_type=\"widget\" data-settings=\"{&quot;gallery_layout&quot;:&quot;justified&quot;,&quot;ideal_row_height&quot;:{&quot;unit&quot;:&quot;px&quot;,&quot;size&quot;:250,&quot;sizes&quot;:[]},&quot;gap&quot;:{&quot;unit&quot;:&quot;px&quot;,&quot;size&quot;:20,&quot;sizes&quot;:[]},&quot;lazyload&quot;:&quot;yes&quot;,&quot;ideal_row_height_tablet&quot;:{&quot;unit&quot;:&quot;px&quot;,&quot;size&quot;:150,&quot;sizes&quot;:[]},&quot;ideal_row_height_mobile&quot;:{&quot;unit&quot;:&quot;px&quot;,&quot;size&quot;:150,&quot;sizes&quot;:[]},&quot;gap_tablet&quot;:{&quot;unit&quot;:&quot;px&quot;,&quot;size&quot;:10,&quot;sizes&quot;:[]},&quot;gap_mobile&quot;:{&quot;unit&quot;:&quot;px&quot;,&quot;size&quot;:10,&quot;sizes&quot;:[]},&quot;link_to&quot;:&quot;file&quot;,&quot;overlay_background&quot;:&quot;yes&quot;,&quot;content_hover_animation&quot;:&quot;fade-in&quot;}\" data-widget_type=\"gallery.default\">\n\t\t\t\t\t\t\t<div class=\"elementor-gallery__container\">\n\t\t\t\t\t\t\t<a class=\"e-gallery-item elementor-gallery-item elementor-animated-content\" href=\"https:\/\/audatrek.com\/wp-content\/uploads\/2025\/10\/Screenshot_2025-08-15-13-58-47-885_com.android.chrome-edit.jpg\" data-elementor-open-lightbox=\"yes\" data-elementor-lightbox-slideshow=\"03b2e1e\" data-elementor-lightbox-title=\"Screenshot_2025-08-15-13-58-47-885_com.android.chrome-edit\" data-e-action-hash=\"#elementor-action%3Aaction%3Dlightbox%26settings%3DeyJpZCI6MTk1LCJ1cmwiOiJodHRwczpcL1wvYXVkYXRyZWsuY29tXC93cC1jb250ZW50XC91cGxvYWRzXC8yMDI1XC8xMFwvU2NyZWVuc2hvdF8yMDI1LTA4LTE1LTEzLTU4LTQ3LTg4NV9jb20uYW5kcm9pZC5jaHJvbWUtZWRpdC5qcGciLCJzbGlkZXNob3ciOiIwM2IyZTFlIn0%3D\">\n\t\t\t\t\t<div class=\"e-gallery-image elementor-gallery-item__image\" data-thumbnail=\"https:\/\/audatrek.com\/wp-content\/uploads\/2025\/10\/Screenshot_2025-08-15-13-58-47-885_com.android.chrome-edit.jpg\" data-width=\"1214\" data-height=\"1426\" aria-label=\"\" role=\"img\" ><\/div>\n\t\t\t\t\t\t\t\t\t\t\t<div class=\"elementor-gallery-item__overlay\"><\/div>\n\t\t\t\t\t\t\t\t\t\t\t\t\t\t<\/a>\n\t\t\t\t\t\t\t<a class=\"e-gallery-item elementor-gallery-item elementor-animated-content\" href=\"https:\/\/audatrek.com\/wp-content\/uploads\/2025\/10\/Screenshot_2025-08-15-13-59-58-140_com.android.chrome-edit.jpg\" data-elementor-open-lightbox=\"yes\" data-elementor-lightbox-slideshow=\"03b2e1e\" data-elementor-lightbox-title=\"Screenshot_2025-08-15-13-59-58-140_com.android.chrome-edit\" data-e-action-hash=\"#elementor-action%3Aaction%3Dlightbox%26settings%3DeyJpZCI6MTk2LCJ1cmwiOiJodHRwczpcL1wvYXVkYXRyZWsuY29tXC93cC1jb250ZW50XC91cGxvYWRzXC8yMDI1XC8xMFwvU2NyZWVuc2hvdF8yMDI1LTA4LTE1LTEzLTU5LTU4LTE0MF9jb20uYW5kcm9pZC5jaHJvbWUtZWRpdC5qcGciLCJzbGlkZXNob3ciOiIwM2IyZTFlIn0%3D\">\n\t\t\t\t\t<div class=\"e-gallery-image elementor-gallery-item__image\" data-thumbnail=\"https:\/\/audatrek.com\/wp-content\/uploads\/2025\/10\/Screenshot_2025-08-15-13-59-58-140_com.android.chrome-edit.jpg\" data-width=\"995\" data-height=\"689\" aria-label=\"\" role=\"img\" ><\/div>\n\t\t\t\t\t\t\t\t\t\t\t<div class=\"elementor-gallery-item__overlay\"><\/div>\n\t\t\t\t\t\t\t\t\t\t\t\t\t\t<\/a>\n\t\t\t\t\t\t\t<a class=\"e-gallery-item elementor-gallery-item elementor-animated-content\" href=\"https:\/\/audatrek.com\/wp-content\/uploads\/2025\/10\/image3.jpeg\" data-elementor-open-lightbox=\"yes\" data-elementor-lightbox-slideshow=\"03b2e1e\" data-elementor-lightbox-title=\"image3\" data-e-action-hash=\"#elementor-action%3Aaction%3Dlightbox%26settings%3DeyJpZCI6MTk3LCJ1cmwiOiJodHRwczpcL1wvYXVkYXRyZWsuY29tXC93cC1jb250ZW50XC91cGxvYWRzXC8yMDI1XC8xMFwvaW1hZ2UzLmpwZWciLCJzbGlkZXNob3ciOiIwM2IyZTFlIn0%3D\">\n\t\t\t\t\t<div class=\"e-gallery-image elementor-gallery-item__image\" data-thumbnail=\"https:\/\/audatrek.com\/wp-content\/uploads\/2025\/10\/image3.jpeg\" data-width=\"320\" data-height=\"240\" aria-label=\"\" role=\"img\" ><\/div>\n\t\t\t\t\t\t\t\t\t\t\t<div class=\"elementor-gallery-item__overlay\"><\/div>\n\t\t\t\t\t\t\t\t\t\t\t\t\t\t<\/a>\n\t\t\t\t\t\t\t<a class=\"e-gallery-item elementor-gallery-item elementor-animated-content\" href=\"https:\/\/audatrek.com\/wp-content\/uploads\/2025\/10\/IMG_20250815_140201.jpg\" data-elementor-open-lightbox=\"yes\" data-elementor-lightbox-slideshow=\"03b2e1e\" data-elementor-lightbox-title=\"IMG_20250815_140201\" data-e-action-hash=\"#elementor-action%3Aaction%3Dlightbox%26settings%3DeyJpZCI6MTk4LCJ1cmwiOiJodHRwczpcL1wvYXVkYXRyZWsuY29tXC93cC1jb250ZW50XC91cGxvYWRzXC8yMDI1XC8xMFwvSU1HXzIwMjUwODE1XzE0MDIwMS5qcGciLCJzbGlkZXNob3ciOiIwM2IyZTFlIn0%3D\">\n\t\t\t\t\t<div class=\"e-gallery-image elementor-gallery-item__image\" data-thumbnail=\"https:\/\/audatrek.com\/wp-content\/uploads\/2025\/10\/IMG_20250815_140201.jpg\" data-width=\"1071\" data-height=\"524\" aria-label=\"\" role=\"img\" ><\/div>\n\t\t\t\t\t\t\t\t\t\t\t<div class=\"elementor-gallery-item__overlay\"><\/div>\n\t\t\t\t\t\t\t\t\t\t\t\t\t\t<\/a>\n\t\t\t\t\t\t\t<a class=\"e-gallery-item elementor-gallery-item elementor-animated-content\" href=\"https:\/\/audatrek.com\/wp-content\/uploads\/2025\/10\/Screenshot_2025-08-14-14-04-36-775_com.facebook.katana-edit.jpg\" data-elementor-open-lightbox=\"yes\" data-elementor-lightbox-slideshow=\"03b2e1e\" data-elementor-lightbox-title=\"Screenshot_2025-08-14-14-04-36-775_com.facebook.katana-edit\" data-e-action-hash=\"#elementor-action%3Aaction%3Dlightbox%26settings%3DeyJpZCI6MTk5LCJ1cmwiOiJodHRwczpcL1wvYXVkYXRyZWsuY29tXC93cC1jb250ZW50XC91cGxvYWRzXC8yMDI1XC8xMFwvU2NyZWVuc2hvdF8yMDI1LTA4LTE0LTE0LTA0LTM2LTc3NV9jb20uZmFjZWJvb2sua2F0YW5hLWVkaXQuanBnIiwic2xpZGVzaG93IjoiMDNiMmUxZSJ9\">\n\t\t\t\t\t<div class=\"e-gallery-image elementor-gallery-item__image\" data-thumbnail=\"https:\/\/audatrek.com\/wp-content\/uploads\/2025\/10\/Screenshot_2025-08-14-14-04-36-775_com.facebook.katana-edit.jpg\" data-width=\"1150\" data-height=\"882\" aria-label=\"\" role=\"img\" ><\/div>\n\t\t\t\t\t\t\t\t\t\t\t<div class=\"elementor-gallery-item__overlay\"><\/div>\n\t\t\t\t\t\t\t\t\t\t\t\t\t\t<\/a>\n\t\t\t\t\t\t\t<a class=\"e-gallery-item elementor-gallery-item elementor-animated-content\" href=\"https:\/\/audatrek.com\/wp-content\/uploads\/2025\/10\/Screenshot_2025-08-14-14-07-00-990_com.facebook.katana-edit.jpg\" data-elementor-open-lightbox=\"yes\" data-elementor-lightbox-slideshow=\"03b2e1e\" data-elementor-lightbox-title=\"Screenshot_2025-08-14-14-07-00-990_com.facebook.katana-edit\" data-e-action-hash=\"#elementor-action%3Aaction%3Dlightbox%26settings%3DeyJpZCI6MjAwLCJ1cmwiOiJodHRwczpcL1wvYXVkYXRyZWsuY29tXC93cC1jb250ZW50XC91cGxvYWRzXC8yMDI1XC8xMFwvU2NyZWVuc2hvdF8yMDI1LTA4LTE0LTE0LTA3LTAwLTk5MF9jb20uZmFjZWJvb2sua2F0YW5hLWVkaXQuanBnIiwic2xpZGVzaG93IjoiMDNiMmUxZSJ9\">\n\t\t\t\t\t<div class=\"e-gallery-image elementor-gallery-item__image\" data-thumbnail=\"https:\/\/audatrek.com\/wp-content\/uploads\/2025\/10\/Screenshot_2025-08-14-14-07-00-990_com.facebook.katana-edit.jpg\" data-width=\"1112\" data-height=\"639\" aria-label=\"\" role=\"img\" ><\/div>\n\t\t\t\t\t\t\t\t\t\t\t<div class=\"elementor-gallery-item__overlay\"><\/div>\n\t\t\t\t\t\t\t\t\t\t\t\t\t\t<\/a>\n\t\t\t\t\t\t\t<a class=\"e-gallery-item elementor-gallery-item elementor-animated-content\" href=\"https:\/\/audatrek.com\/wp-content\/uploads\/2025\/10\/1000089898-1080\u00d71113.jpg\" data-elementor-open-lightbox=\"yes\" data-elementor-lightbox-slideshow=\"03b2e1e\" data-elementor-lightbox-title=\"1000089898 (1080\u00d71113)\" data-e-action-hash=\"#elementor-action%3Aaction%3Dlightbox%26settings%3DeyJpZCI6MjAxLCJ1cmwiOiJodHRwczpcL1wvYXVkYXRyZWsuY29tXC93cC1jb250ZW50XC91cGxvYWRzXC8yMDI1XC8xMFwvMTAwMDA4OTg5OC0xMDgwXHUwMGQ3MTExMy5qcGciLCJzbGlkZXNob3ciOiIwM2IyZTFlIn0%3D\">\n\t\t\t\t\t<div class=\"e-gallery-image elementor-gallery-item__image\" data-thumbnail=\"https:\/\/audatrek.com\/wp-content\/uploads\/2025\/10\/1000089898-1080\u00d71113.jpg\" data-width=\"1080\" data-height=\"1113\" aria-label=\"\" role=\"img\" ><\/div>\n\t\t\t\t\t\t\t\t\t\t\t<div class=\"elementor-gallery-item__overlay\"><\/div>\n\t\t\t\t\t\t\t\t\t\t\t\t\t\t<\/a>\n\t\t\t\t\t\t\t<a class=\"e-gallery-item elementor-gallery-item elementor-animated-content\" href=\"https:\/\/audatrek.com\/wp-content\/uploads\/2025\/10\/DSCF5054-scaled.jpeg\" data-elementor-open-lightbox=\"yes\" data-elementor-lightbox-slideshow=\"03b2e1e\" data-elementor-lightbox-title=\"DSCF5054\" data-e-action-hash=\"#elementor-action%3Aaction%3Dlightbox%26settings%3DeyJpZCI6MjAyLCJ1cmwiOiJodHRwczpcL1wvYXVkYXRyZWsuY29tXC93cC1jb250ZW50XC91cGxvYWRzXC8yMDI1XC8xMFwvRFNDRjUwNTQtc2NhbGVkLmpwZWciLCJzbGlkZXNob3ciOiIwM2IyZTFlIn0%3D\">\n\t\t\t\t\t<div class=\"e-gallery-image elementor-gallery-item__image\" data-thumbnail=\"https:\/\/audatrek.com\/wp-content\/uploads\/2025\/10\/DSCF5054-scaled.jpeg\" data-width=\"2560\" data-height=\"1441\" aria-label=\"\" role=\"img\" ><\/div>\n\t\t\t\t\t\t\t\t\t\t\t<div class=\"elementor-gallery-item__overlay\"><\/div>\n\t\t\t\t\t\t\t\t\t\t\t\t\t\t<\/a>\n\t\t\t\t\t\t\t<a class=\"e-gallery-item elementor-gallery-item elementor-animated-content\" href=\"https:\/\/audatrek.com\/wp-content\/uploads\/2025\/10\/IMG_20211203_084054-scaled.jpg\" data-elementor-open-lightbox=\"yes\" data-elementor-lightbox-slideshow=\"03b2e1e\" data-elementor-lightbox-title=\"IMG_20211203_084054\" data-e-action-hash=\"#elementor-action%3Aaction%3Dlightbox%26settings%3DeyJpZCI6MjAzLCJ1cmwiOiJodHRwczpcL1wvYXVkYXRyZWsuY29tXC93cC1jb250ZW50XC91cGxvYWRzXC8yMDI1XC8xMFwvSU1HXzIwMjExMjAzXzA4NDA1NC1zY2FsZWQuanBnIiwic2xpZGVzaG93IjoiMDNiMmUxZSJ9\">\n\t\t\t\t\t<div class=\"e-gallery-image elementor-gallery-item__image\" data-thumbnail=\"https:\/\/audatrek.com\/wp-content\/uploads\/2025\/10\/IMG_20211203_084054-scaled.jpg\" data-width=\"1920\" data-height=\"2560\" aria-label=\"\" role=\"img\" ><\/div>\n\t\t\t\t\t\t\t\t\t\t\t<div class=\"elementor-gallery-item__overlay\"><\/div>\n\t\t\t\t\t\t\t\t\t\t\t\t\t\t<\/a>\n\t\t\t\t\t\t\t<a class=\"e-gallery-item elementor-gallery-item elementor-animated-content\" href=\"https:\/\/audatrek.com\/wp-content\/uploads\/2025\/10\/IMG-20220424-WA0007.jpg\" data-elementor-open-lightbox=\"yes\" data-elementor-lightbox-slideshow=\"03b2e1e\" data-elementor-lightbox-title=\"IMG-20220424-WA0007\" data-e-action-hash=\"#elementor-action%3Aaction%3Dlightbox%26settings%3DeyJpZCI6MjA0LCJ1cmwiOiJodHRwczpcL1wvYXVkYXRyZWsuY29tXC93cC1jb250ZW50XC91cGxvYWRzXC8yMDI1XC8xMFwvSU1HLTIwMjIwNDI0LVdBMDAwNy5qcGciLCJzbGlkZXNob3ciOiIwM2IyZTFlIn0%3D\">\n\t\t\t\t\t<div class=\"e-gallery-image elementor-gallery-item__image\" data-thumbnail=\"https:\/\/audatrek.com\/wp-content\/uploads\/2025\/10\/IMG-20220424-WA0007.jpg\" data-width=\"768\" data-height=\"1024\" aria-label=\"\" role=\"img\" ><\/div>\n\t\t\t\t\t\t\t\t\t\t\t<div class=\"elementor-gallery-item__overlay\"><\/div>\n\t\t\t\t\t\t\t\t\t\t\t\t\t\t<\/a>\n\t\t\t\t\t<\/div>\n\t\t\t\t\t<\/div>\n\t\t\t\t\t<\/div>\n\t\t\t\t<\/div>\n\t\t\t\t<\/div>","protected":false},"excerpt":{"rendered":"<p>Una parte muy importante de mi \u201ctrabajo\/misi\u00f3n\u201d, es resaltar y poner en conocimiento de los viajeros todos los aspectos culturales y tradicionales de las islas. Aunque el archipi\u00e9lago sea considerado como un \u201cuno\u201d y l\u00f3gicamente comparten bastantes rasgos culturales, cada isla se diferencia de las dem\u00e1s por haber tenido un desarrollo cultural distinto. Hay diferencias [&hellip;]<\/p>","protected":false},"author":2,"featured_media":0,"parent":0,"menu_order":0,"comment_status":"closed","ping_status":"closed","template":"","meta":{"footnotes":""},"class_list":["post-169","page","type-page","status-publish","hentry"],"yoast_head":"<!-- This site is optimized with the Yoast SEO plugin v26.1.1 - https:\/\/yoast.com\/wordpress\/plugins\/seo\/ -->\n<title>Tradiciones - audatrek.com<\/title>\n<meta name=\"robots\" content=\"index, follow, max-snippet:-1, max-image-preview:large, max-video-preview:-1\" \/>\n<link rel=\"canonical\" href=\"https:\/\/audatrek.com\/fr\/tradiciones\/\" \/>\n<meta property=\"og:locale\" content=\"fr_FR\" \/>\n<meta property=\"og:type\" content=\"article\" \/>\n<meta property=\"og:title\" content=\"Tradiciones - audatrek.com\" \/>\n<meta property=\"og:description\" content=\"Una parte muy importante de mi \u201ctrabajo\/misi\u00f3n\u201d, es resaltar y poner en conocimiento de los viajeros todos los aspectos culturales y tradicionales de las islas. Aunque el archipi\u00e9lago sea considerado como un \u201cuno\u201d y l\u00f3gicamente comparten bastantes rasgos culturales, cada isla se diferencia de las dem\u00e1s por haber tenido un desarrollo cultural distinto. Hay diferencias [&hellip;]\" \/>\n<meta property=\"og:url\" content=\"https:\/\/audatrek.com\/fr\/tradiciones\/\" \/>\n<meta property=\"og:site_name\" content=\"audatrek.com\" \/>\n<meta property=\"article:modified_time\" content=\"2025-10-15T11:49:35+00:00\" \/>\n<meta name=\"twitter:card\" content=\"summary_large_image\" \/>\n<meta name=\"twitter:label1\" content=\"Dur\u00e9e de lecture estim\u00e9e\" \/>\n\t<meta name=\"twitter:data1\" content=\"1 minute\" \/>\n<script type=\"application\/ld+json\" class=\"yoast-schema-graph\">{\"@context\":\"https:\/\/schema.org\",\"@graph\":[{\"@type\":\"WebPage\",\"@id\":\"https:\/\/audatrek.com\/tradiciones\/\",\"url\":\"https:\/\/audatrek.com\/tradiciones\/\",\"name\":\"Tradiciones - audatrek.com\",\"isPartOf\":{\"@id\":\"https:\/\/audatrek.com\/#website\"},\"datePublished\":\"2025-10-15T11:23:45+00:00\",\"dateModified\":\"2025-10-15T11:49:35+00:00\",\"breadcrumb\":{\"@id\":\"https:\/\/audatrek.com\/tradiciones\/#breadcrumb\"},\"inLanguage\":\"fr-FR\",\"potentialAction\":[{\"@type\":\"ReadAction\",\"target\":[\"https:\/\/audatrek.com\/tradiciones\/\"]}]},{\"@type\":\"BreadcrumbList\",\"@id\":\"https:\/\/audatrek.com\/tradiciones\/#breadcrumb\",\"itemListElement\":[{\"@type\":\"ListItem\",\"position\":1,\"name\":\"Home\",\"item\":\"https:\/\/audatrek.com\/\"},{\"@type\":\"ListItem\",\"position\":2,\"name\":\"Tradiciones\"}]},{\"@type\":\"WebSite\",\"@id\":\"https:\/\/audatrek.com\/#website\",\"url\":\"https:\/\/audatrek.com\/\",\"name\":\"audatrek.com\",\"description\":\"\",\"potentialAction\":[{\"@type\":\"SearchAction\",\"target\":{\"@type\":\"EntryPoint\",\"urlTemplate\":\"https:\/\/audatrek.com\/?s={search_term_string}\"},\"query-input\":{\"@type\":\"PropertyValueSpecification\",\"valueRequired\":true,\"valueName\":\"search_term_string\"}}],\"inLanguage\":\"fr-FR\"}]}<\/script>\n<!-- \/ Yoast SEO plugin. -->","yoast_head_json":{"title":"Tradiciones - audatrek.com","robots":{"index":"index","follow":"follow","max-snippet":"max-snippet:-1","max-image-preview":"max-image-preview:large","max-video-preview":"max-video-preview:-1"},"canonical":"https:\/\/audatrek.com\/fr\/tradiciones\/","og_locale":"fr_FR","og_type":"article","og_title":"Tradiciones - audatrek.com","og_description":"Una parte muy importante de mi \u201ctrabajo\/misi\u00f3n\u201d, es resaltar y poner en conocimiento de los viajeros todos los aspectos culturales y tradicionales de las islas. Aunque el archipi\u00e9lago sea considerado como un \u201cuno\u201d y l\u00f3gicamente comparten bastantes rasgos culturales, cada isla se diferencia de las dem\u00e1s por haber tenido un desarrollo cultural distinto. Hay diferencias [&hellip;]","og_url":"https:\/\/audatrek.com\/fr\/tradiciones\/","og_site_name":"audatrek.com","article_modified_time":"2025-10-15T11:49:35+00:00","twitter_card":"summary_large_image","twitter_misc":{"Dur\u00e9e de lecture estim\u00e9e":"1 minute"},"schema":{"@context":"https:\/\/schema.org","@graph":[{"@type":"WebPage","@id":"https:\/\/audatrek.com\/tradiciones\/","url":"https:\/\/audatrek.com\/tradiciones\/","name":"Tradiciones - audatrek.com","isPartOf":{"@id":"https:\/\/audatrek.com\/#website"},"datePublished":"2025-10-15T11:23:45+00:00","dateModified":"2025-10-15T11:49:35+00:00","breadcrumb":{"@id":"https:\/\/audatrek.com\/tradiciones\/#breadcrumb"},"inLanguage":"fr-FR","potentialAction":[{"@type":"ReadAction","target":["https:\/\/audatrek.com\/tradiciones\/"]}]},{"@type":"BreadcrumbList","@id":"https:\/\/audatrek.com\/tradiciones\/#breadcrumb","itemListElement":[{"@type":"ListItem","position":1,"name":"Home","item":"https:\/\/audatrek.com\/"},{"@type":"ListItem","position":2,"name":"Tradiciones"}]},{"@type":"WebSite","@id":"https:\/\/audatrek.com\/#website","url":"https:\/\/audatrek.com\/","name":"audatrek.com","description":"","potentialAction":[{"@type":"SearchAction","target":{"@type":"EntryPoint","urlTemplate":"https:\/\/audatrek.com\/?s={search_term_string}"},"query-input":{"@type":"PropertyValueSpecification","valueRequired":true,"valueName":"search_term_string"}}],"inLanguage":"fr-FR"}]}},"_links":{"self":[{"href":"https:\/\/audatrek.com\/fr\/wp-json\/wp\/v2\/pages\/169","targetHints":{"allow":["GET"]}}],"collection":[{"href":"https:\/\/audatrek.com\/fr\/wp-json\/wp\/v2\/pages"}],"about":[{"href":"https:\/\/audatrek.com\/fr\/wp-json\/wp\/v2\/types\/page"}],"author":[{"embeddable":true,"href":"https:\/\/audatrek.com\/fr\/wp-json\/wp\/v2\/users\/2"}],"replies":[{"embeddable":true,"href":"https:\/\/audatrek.com\/fr\/wp-json\/wp\/v2\/comments?post=169"}],"version-history":[{"count":4,"href":"https:\/\/audatrek.com\/fr\/wp-json\/wp\/v2\/pages\/169\/revisions"}],"predecessor-version":[{"id":207,"href":"https:\/\/audatrek.com\/fr\/wp-json\/wp\/v2\/pages\/169\/revisions\/207"}],"wp:attachment":[{"href":"https:\/\/audatrek.com\/fr\/wp-json\/wp\/v2\/media?parent=169"}],"curies":[{"name":"wp","href":"https:\/\/api.w.org\/{rel}","templated":true}]}}